{"id":3493,"date":"2020-02-07T02:16:44","date_gmt":"2020-02-07T02:16:44","guid":{"rendered":"https:\/\/demo.casethemes.net\/consultio-corporate3\/?page_id=3493"},"modified":"2026-03-31T13:15:12","modified_gmt":"2026-03-31T13:15:12","slug":"about-us","status":"publish","type":"page","link":"https:\/\/eurythmiezug.ch\/de\/about-us\/","title":{"rendered":"About us"},"content":{"rendered":"\t\t<div data-elementor-type=\"wp-page\" data-elementor-id=\"3493\" class=\"elementor elementor-3493\">\n\t\t\t\t\t\t\t        <section class=\"elementor-section elementor-top-section elementor-element elementor-element-64fd72b8 elementor-section-boxed elementor-section-height-default elementor-section-height-default ct-header-fixed-none ct-row-max-none\" data-id=\"64fd72b8\" data-element_type=\"section\">\n            \n                        <div class=\"elementor-container elementor-column-gap-default \">\n                    <div class=\"elementor-column elementor-col-50 elementor-top-column elementor-element elementor-element-305603d7\" data-id=\"305603d7\" data-element_type=\"column\">\n        <div class=\"elementor-widget-wrap elementor-element-populated\">\n                    \n        \t\t<div class=\"elementor-element elementor-element-9da93fe line-sub-preset2 elementor-widget elementor-widget-ct_heading\" data-id=\"9da93fe\" data-element_type=\"widget\" data-widget_type=\"ct_heading.default\">\n\t\t\t\t<div class=\"elementor-widget-container\">\n\t\t\t<div id=\"ct_heading-9da93fe\" class=\"ct-heading h-align-left sub-style9 ct-heading-left item-st-default\">\r\n\t<div class=\"ct-item--inner\">\r\n        <div class=\"ct-inline-css\"  data-css=\"\r\n            \">\r\n        <\/div>\r\n            \t\t<div class=\"item--sub-title style9 show-line\">\r\n                                \u00dcber mich                                                    <span class=\"line-left\"><\/span>\r\n                    <span class=\"line-right\"><\/span>\r\n                                            <\/div>\r\n    \t        <h3 class=\"item--title st-default wow wow bounce\" data-wow-delay=\"ms\">\r\n                        <span class=\"sp-main\">\r\n                \r\n                Eurythmie\r\n                \r\n                            <\/span>\r\n                    <\/h3>\r\n    <\/div>\r\n<\/div>\t\t<\/div>\n\t\t\t\t<\/div>\n\t\t\t\t<div class=\"elementor-element elementor-element-398fa9be wow fadeInUp elementor-widget elementor-widget-text-editor\" data-id=\"398fa9be\" data-element_type=\"widget\" data-widget_type=\"text-editor.default\">\n\t\t\t\t<div class=\"elementor-widget-container\">\n\t\t\t<style>\/*! elementor - v3.12.0 - 29-03-2023 *\/\n.elementor-widget-text-editor.elementor-drop-cap-view-stacked .elementor-drop-cap{background-color:#69727d;color:#fff}.elementor-widget-text-editor.elementor-drop-cap-view-framed .elementor-drop-cap{color:#69727d;border:3px solid;background-color:transparent}.elementor-widget-text-editor:not(.elementor-drop-cap-view-default) .elementor-drop-cap{margin-top:8px}.elementor-widget-text-editor:not(.elementor-drop-cap-view-default) .elementor-drop-cap-letter{width:1em;height:1em}.elementor-widget-text-editor .elementor-drop-cap{float:left;text-align:center;line-height:1;font-size:50px}.elementor-widget-text-editor .elementor-drop-cap-letter{display:inline-block}<\/style>\t\t\t\t<p>Seit f\u00fcnfzehn Jahren lebe ich mit meiner Familie in Zug, abgesehen von vier Jahren, die ich f\u00fcr mein Eurythmie-Studium im Ausland verbracht habe.<\/p><p>Mein Berufsleben begann als Elektroingenieur, w\u00e4hrend ich parallel eine Baseballmannschaft f\u00fcr Kinder trainierte und Kinder aus schwierigen famili\u00e4ren Verh\u00e4ltnissen in Kampfk\u00fcnsten unterrichtete. Sp\u00e4ter \u00fcbernahm ich Managementaufgaben in einem internationalen Unternehmen und baute Design- und Produktionsstandorte in Europa, den USA und Indien auf.<\/p><p>Trotz meiner beruflichen Laufbahn widmete ich meine freie Zeit dem Studium der tiefen Geheimnisse des Lebens. Ich erforschte die Geschichte verschiedener Kulturen und ihre alten Schriften, besuchte bedeutende religi\u00f6se Bauwerke auf der ganzen Welt und begegnete vielen inspirierenden Menschen.<\/p><p>Vor etwa sechs Jahren versp\u00fcrte ich das Bed\u00fcrfnis, meinem Leben eine neue Richtung zu geben und mich intensiver mit diesen Themen zu besch\u00e4ftigen. Dies f\u00fchrte mich dazu, Eurythmie in Gro\u00dfbritannien und Australien zu studieren. Mein Interesse an dieser Bewegungskunst wurde geweckt, als ich meine erste Eurythmie-Auff\u00fchrung erlebte \u2013 ich hatte das Gef\u00fchl, dass sich hinter dieser Kunstform mehr verbirgt als eine blo\u00dfe B\u00fchnendarstellung.<\/p>\t\t\t\t\t\t<\/div>\n\t\t\t\t<\/div>\n\t\t            <\/div>\n        <\/div>\n                <div class=\"elementor-column elementor-col-50 elementor-top-column elementor-element elementor-element-1bb8bef0\" data-id=\"1bb8bef0\" data-element_type=\"column\">\n        <div class=\"elementor-widget-wrap elementor-element-populated\">\n                    \n        \t\t<div class=\"elementor-element elementor-element-ccd3905 elementor-widget elementor-widget-image\" data-id=\"ccd3905\" data-element_type=\"widget\" data-widget_type=\"image.default\">\n\t\t\t\t<div class=\"elementor-widget-container\">\n\t\t\t<style>\/*! elementor - v3.12.0 - 29-03-2023 *\/\n.elementor-widget-image{text-align:center}.elementor-widget-image a{display:inline-block}.elementor-widget-image a img[src$=\".svg\"]{width:48px}.elementor-widget-image img{vertical-align:middle;display:inline-block}<\/style>\t\t\t\t\t\t\t\t\t\t\t\t<img decoding=\"async\" width=\"640\" height=\"669\" src=\"https:\/\/eurythmiezug.ch\/de\/wp-content\/uploads\/2025\/02\/Capture-2.png\" class=\"attachment-large size-large wp-image-5357\" alt=\"\" srcset=\"https:\/\/eurythmiezug.ch\/de\/wp-content\/uploads\/2025\/02\/Capture-2.png 741w, https:\/\/eurythmiezug.ch\/de\/wp-content\/uploads\/2025\/02\/Capture-2-287x300.png 287w\" sizes=\"(max-width: 640px) 100vw, 640px\" \/>\t\t\t\t\t\t\t\t\t\t\t\t\t\t\t<\/div>\n\t\t\t\t<\/div>\n\t\t            <\/div>\n        <\/div>\n                    <\/div>\n        <\/section>\n                <section class=\"elementor-section elementor-top-section elementor-element elementor-element-811c72c elementor-section-boxed elementor-section-height-default elementor-section-height-default ct-header-fixed-none ct-row-max-none\" data-id=\"811c72c\" data-element_type=\"section\">\n            \n                        <div class=\"elementor-container elementor-column-gap-default \">\n                    <div class=\"elementor-column elementor-col-100 elementor-top-column elementor-element elementor-element-3657f5a\" data-id=\"3657f5a\" data-element_type=\"column\">\n        <div class=\"elementor-widget-wrap elementor-element-populated\">\n                    \n        \t\t<div class=\"elementor-element elementor-element-05e6b38 wow fadeInUp elementor-widget elementor-widget-text-editor\" data-id=\"05e6b38\" data-element_type=\"widget\" data-widget_type=\"text-editor.default\">\n\t\t\t\t<div class=\"elementor-widget-container\">\n\t\t\t\t\t\t\t<p>Nach dem Abschluss meines Studiums ist es mein Ziel, Eurythmie m\u00f6glichst vielen Menschen n\u00e4herzubringen, insbesondere jenen, die noch nie davon geh\u00f6rt haben.<\/p><p>Als n\u00e4chster Schritt zur Weiterentwicklung des Eurythmie-Zentrums in Zug begann ich 2024 mit der Ausbildung zur <a href=\"https:\/\/eurythmiezug.ch\/de\/eurythmy-therapy\/\">Eurythmie-Therapie<\/a>. Derzeit befinde ich mich mitten im Studium, und ab September 2025 werde ich eine Praxis er\u00f6ffnen \u2013 vermutlich die erste dieser Art in Zug. Diese einzigartige Therapieform kann eine Vielzahl von Beschwerden behandeln. Weitere Informationen finden <a href=\"https:\/\/heileurythmie-ausbildung.ch\/website\">Sie hier<\/a>.<\/p><p>Ich freue mich sehr, das erste Eurythmie-Zentrum in Zug zu er\u00f6ffnen und diese wertvolle Arbeit mit der Gemeinschaft zu teilen.<\/p>\t\t\t\t\t\t<\/div>\n\t\t\t\t<\/div>\n\t\t\t\t<div class=\"elementor-element elementor-element-78f3a28d elementor-widget elementor-widget-image\" data-id=\"78f3a28d\" data-element_type=\"widget\" data-widget_type=\"image.default\">\n\t\t\t\t<div class=\"elementor-widget-container\">\n\t\t\t\t\t\t\t\t\t\t\t\t\t\t\t<img decoding=\"async\" width=\"350\" height=\"1\" src=\"https:\/\/eurythmiezug.ch\/de\/wp-content\/uploads\/2019\/12\/about-gap.png\" class=\"attachment-full size-full wp-image-1896\" alt=\"\" srcset=\"https:\/\/eurythmiezug.ch\/de\/wp-content\/uploads\/2019\/12\/about-gap.png 350w, https:\/\/eurythmiezug.ch\/de\/wp-content\/uploads\/2019\/12\/about-gap-300x1.png 300w, https:\/\/eurythmiezug.ch\/de\/wp-content\/uploads\/2019\/12\/about-gap-150x1.png 150w\" sizes=\"(max-width: 350px) 100vw, 350px\" \/>\t\t\t\t\t\t\t\t\t\t\t\t\t\t\t<\/div>\n\t\t\t\t<\/div>\n\t\t            <\/div>\n        <\/div>\n                    <\/div>\n        <\/section>\n                <section class=\"elementor-section elementor-top-section elementor-element elementor-element-33cb7c5 elementor-section-boxed elementor-section-height-default elementor-section-height-default ct-header-fixed-none ct-row-max-none\" data-id=\"33cb7c5\" data-element_type=\"section\">\n            \n                        <div class=\"elementor-container elementor-column-gap-default \">\n                    <div class=\"elementor-column elementor-col-25 elementor-top-column elementor-element elementor-element-2b09b2f\" data-id=\"2b09b2f\" data-element_type=\"column\">\n        <div class=\"elementor-widget-wrap\">\n                    \n                    <\/div>\n        <\/div>\n                <div class=\"elementor-column elementor-col-25 elementor-top-column elementor-element elementor-element-e444280\" data-id=\"e444280\" data-element_type=\"column\" data-settings=\"{&quot;background_background&quot;:&quot;gradient&quot;}\">\n        <div class=\"elementor-widget-wrap elementor-element-populated\">\n                    \n        \t\t<div class=\"elementor-element elementor-element-f1095fd elementor-widget elementor-widget-heading\" data-id=\"f1095fd\" data-element_type=\"widget\" data-widget_type=\"heading.default\">\n\t\t\t\t<div class=\"elementor-widget-container\">\n\t\t\t<style>\/*! elementor - v3.12.0 - 29-03-2023 *\/\n.elementor-heading-title{padding:0;margin:0;line-height:1}.elementor-widget-heading .elementor-heading-title[class*=elementor-size-]>a{color:inherit;font-size:inherit;line-height:inherit}.elementor-widget-heading .elementor-heading-title.elementor-size-small{font-size:15px}.elementor-widget-heading .elementor-heading-title.elementor-size-medium{font-size:19px}.elementor-widget-heading .elementor-heading-title.elementor-size-large{font-size:29px}.elementor-widget-heading .elementor-heading-title.elementor-size-xl{font-size:39px}.elementor-widget-heading .elementor-heading-title.elementor-size-xxl{font-size:59px}<\/style><h5 class=\"elementor-heading-title elementor-size-default\">Unsere Mission<\/h5>\t\t<\/div>\n\t\t\t\t<\/div>\n\t\t\t\t<div class=\"elementor-element elementor-element-b96ce97 wow fadeInUp elementor-widget elementor-widget-text-editor\" data-id=\"b96ce97\" data-element_type=\"widget\" data-widget_type=\"text-editor.default\">\n\t\t\t\t<div class=\"elementor-widget-container\">\n\t\t\t\t\t\t\t<p><strong>Unser Ziel ist es, die Kunst der Eurythmie m\u00f6glichst vielen Menschen im Raum Zug n\u00e4herzubringen.<\/strong><\/p><p>Wir m\u00f6chten den Menschen die M\u00f6glichkeit bieten, diese Kunst zu erleben, ihre verschiedenen k\u00fcnstlerischen F\u00e4higkeiten zu entwickeln und gleichzeitig ihre allgemeine Gesundheit und ihr Wohlbefinden zu f\u00f6rdern.<\/p>\t\t\t\t\t\t<\/div>\n\t\t\t\t<\/div>\n\t\t            <\/div>\n        <\/div>\n                <div class=\"elementor-column elementor-col-25 elementor-top-column elementor-element elementor-element-7f0541c\" data-id=\"7f0541c\" data-element_type=\"column\" data-settings=\"{&quot;background_background&quot;:&quot;gradient&quot;}\">\n        <div class=\"elementor-widget-wrap elementor-element-populated\">\n                    \n        \t\t<div class=\"elementor-element elementor-element-1d0129f elementor-widget elementor-widget-heading\" data-id=\"1d0129f\" data-element_type=\"widget\" data-widget_type=\"heading.default\">\n\t\t\t\t<div class=\"elementor-widget-container\">\n\t\t\t<h5 class=\"elementor-heading-title elementor-size-default\">Unsere Vision<\/h5>\t\t<\/div>\n\t\t\t\t<\/div>\n\t\t\t\t<div class=\"elementor-element elementor-element-27a4948 wow fadeInUp elementor-widget elementor-widget-text-editor\" data-id=\"27a4948\" data-element_type=\"widget\" data-widget_type=\"text-editor.default\">\n\t\t\t\t<div class=\"elementor-widget-container\">\n\t\t\t\t\t\t\t<p>In unserer Vision sehen wir, wie Eurythmie mit jungen Kindern praktiziert wird, um Bewegung mit klassischer Musik und Poesie in ihre Erfahrung zu integrieren. Wir w\u00fcnschen uns, eine Jugendgruppe zu organisieren, die es den Jugendlichen erm\u00f6glicht, gemeinsam mit anderen zu tanzen und eine neue, gesunde Art der Bewegung mit ihrem K\u00f6rper zu erlernen. Zudem werden wir Gruppen f\u00fcr Erwachsene sowie f\u00fcr \u00e4ltere Menschen anbieten, um den sozialen Aspekt der Eurythmie zu f\u00f6rdern \u2013 das gemeinsame Bewegen mit anderen, w\u00e4hrend gleichzeitig das Wohlbefinden gesteigert wird und eine entspannende, freudvolle Zeit abseits des hektischen Alltags genossen werden kann.<\/p>\t\t\t\t\t\t<\/div>\n\t\t\t\t<\/div>\n\t\t            <\/div>\n        <\/div>\n                <div class=\"elementor-column elementor-col-25 elementor-top-column elementor-element elementor-element-fd0583e\" data-id=\"fd0583e\" data-element_type=\"column\">\n        <div class=\"elementor-widget-wrap\">\n                    \n                    <\/div>\n        <\/div>\n                    <\/div>\n        <\/section>\n        \t\t\t\t\t<\/div>\n\t\t","protected":false},"excerpt":{"rendered":"<p>\u00dcber mich Eurythmie Seit f\u00fcnfzehn Jahren lebe ich mit meiner Familie in Zug, abgesehen von vier Jahren, die ich f\u00fcr mein Eurythmie-Studium im Ausland verbracht habe. Mein Berufsleben begann als Elektroingenieur, w\u00e4hrend ich parallel eine Baseballmannschaft f\u00fcr Kinder trainierte und Kinder aus schwierigen famili\u00e4ren Verh\u00e4ltnissen in Kampfk\u00fcnsten unterrichtete. Sp\u00e4ter \u00fcbernahm ich Managementaufgaben in einem internationalen [&hellip;]<\/p>\n","protected":false},"author":2,"featured_media":0,"parent":0,"menu_order":0,"comment_status":"closed","ping_status":"closed","template":"","meta":{"footnotes":""},"class_list":["post-3493","page","type-page","status-publish","hentry"],"_links":{"self":[{"href":"https:\/\/eurythmiezug.ch\/de\/wp-json\/wp\/v2\/pages\/3493","targetHints":{"allow":["GET"]}}],"collection":[{"href":"https:\/\/eurythmiezug.ch\/de\/wp-json\/wp\/v2\/pages"}],"about":[{"href":"https:\/\/eurythmiezug.ch\/de\/wp-json\/wp\/v2\/types\/page"}],"author":[{"embeddable":true,"href":"https:\/\/eurythmiezug.ch\/de\/wp-json\/wp\/v2\/users\/2"}],"replies":[{"embeddable":true,"href":"https:\/\/eurythmiezug.ch\/de\/wp-json\/wp\/v2\/comments?post=3493"}],"version-history":[{"count":16,"href":"https:\/\/eurythmiezug.ch\/de\/wp-json\/wp\/v2\/pages\/3493\/revisions"}],"predecessor-version":[{"id":5478,"href":"https:\/\/eurythmiezug.ch\/de\/wp-json\/wp\/v2\/pages\/3493\/revisions\/5478"}],"wp:attachment":[{"href":"https:\/\/eurythmiezug.ch\/de\/wp-json\/wp\/v2\/media?parent=3493"}],"curies":[{"name":"wp","href":"https:\/\/api.w.org\/{rel}","templated":true}]}}