{"id":30,"date":"2019-10-30T08:05:16","date_gmt":"2019-10-30T08:05:16","guid":{"rendered":"https:\/\/demo.casethemes.net\/consultio-corporate3\/?page_id=30"},"modified":"2026-03-31T13:17:15","modified_gmt":"2026-03-31T13:17:15","slug":"faqs","status":"publish","type":"page","link":"https:\/\/eurythmiezug.ch\/de\/faqs\/","title":{"rendered":"FAQs"},"content":{"rendered":"\t\t<div data-elementor-type=\"wp-page\" data-elementor-id=\"30\" class=\"elementor elementor-30\">\n\t\t\t\t\t\t\t        <section class=\"elementor-section elementor-top-section elementor-element elementor-element-4bdd6a7 elementor-section-boxed elementor-section-height-default elementor-section-height-default ct-header-fixed-none ct-row-max-none\" data-id=\"4bdd6a7\" data-element_type=\"section\">\n            \n                        <div class=\"elementor-container elementor-column-gap-default \">\n                    <div class=\"elementor-column elementor-col-100 elementor-top-column elementor-element elementor-element-dc03bf0\" data-id=\"dc03bf0\" data-element_type=\"column\">\n        <div class=\"elementor-widget-wrap elementor-element-populated\">\n                    \n        \t\t<div class=\"elementor-element elementor-element-955ee43 elementor-widget elementor-widget-ct_heading\" data-id=\"955ee43\" data-element_type=\"widget\" data-widget_type=\"ct_heading.default\">\n\t\t\t\t<div class=\"elementor-widget-container\">\n\t\t\t<div id=\"ct_heading-955ee43\" class=\"ct-heading h-align-center sub-style9 ct-heading-left item-st-default\">\r\n\t<div class=\"ct-item--inner\">\r\n        <div class=\"ct-inline-css\"  data-css=\"\r\n            \">\r\n        <\/div>\r\n            \t\t<div class=\"item--sub-title style9 show-line\">\r\n                                Eurythmy                                                    <span class=\"line-left\"><\/span>\r\n                    <span class=\"line-right\"><\/span>\r\n                                            <\/div>\r\n    \t        <h4 class=\"item--title st-default case-animate-time\" data-wow-delay=\"ms\">\r\n                        <span class=\"sp-main\">\r\n                \r\n                \u00dcber Eurythmie\r\n                \r\n                            <\/span>\r\n                    <\/h4>\r\n    <\/div>\r\n<\/div>\t\t<\/div>\n\t\t\t\t<\/div>\n\t\t\t\t<div class=\"elementor-element elementor-element-c53e8be elementor-widget elementor-widget-text-editor\" data-id=\"c53e8be\" data-element_type=\"widget\" data-widget_type=\"text-editor.default\">\n\t\t\t\t<div class=\"elementor-widget-container\">\n\t\t\t<style>\/*! elementor - v3.12.0 - 29-03-2023 *\/\n.elementor-widget-text-editor.elementor-drop-cap-view-stacked .elementor-drop-cap{background-color:#69727d;color:#fff}.elementor-widget-text-editor.elementor-drop-cap-view-framed .elementor-drop-cap{color:#69727d;border:3px solid;background-color:transparent}.elementor-widget-text-editor:not(.elementor-drop-cap-view-default) .elementor-drop-cap{margin-top:8px}.elementor-widget-text-editor:not(.elementor-drop-cap-view-default) .elementor-drop-cap-letter{width:1em;height:1em}.elementor-widget-text-editor .elementor-drop-cap{float:left;text-align:center;line-height:1;font-size:50px}.elementor-widget-text-editor .elementor-drop-cap-letter{display:inline-block}<\/style>\t\t\t\t<p>Das Wort \u201eEurythmie\u201c stammt aus dem Griechischen und bedeutet \u201esch\u00f6ner oder harmonischer Rhythmus\u201c. In der Antike bezeichnete der Begriff die harmonischen Proportionen eines Bauwerks. Vom 17. bis zum 19. Jahrhundert wurde der Begriff im Englischen auch f\u00fcr \u201erhythmische Ordnung oder Bewegung\u201c und \u201egrazi\u00f6se K\u00f6rperhaltung\u201c verwendet.<\/p><p>Im Jahr 1912 entwickelte Dr. Rudolf Steiner (1861\u20131925), Philosoph, Wissenschaftler und Esoteriker, diese neue Bewegungskunst. Er erkannte, dass Sprache und Musik durch Bewegung ausgedr\u00fcckt werden k\u00f6nnen und dass dies eine tiefgehende Wirkung auf den Menschen hat. Jeder Vokal und jeder Konsonant wird durch eine spezifische Geste dargestellt, ebenso wie jede musikalische Tonh\u00f6he und Intervalle durch bestimmte Bewegungen ausgedr\u00fcckt werden.<\/p><p>Steiner wollte einen neuen Impuls f\u00fcr den Tanz setzen und diesen mit pers\u00f6nlichem Ausdruck verbinden. Dabei griff er auf die urspr\u00fcngliche Bedeutung des Tanzes als heilige Kunstform zur\u00fcck.<\/p><p>Eurythmie bringt die inneren Gef\u00fchle von Musik und Gedichten durch Bewegung zum Ausdruck und wird so zur Kunst der \u201esichtbaren Sprache\u201c und \u201esichtbaren Musik\u201c.<\/p>\t\t\t\t\t\t<\/div>\n\t\t\t\t<\/div>\n\t\t            <\/div>\n        <\/div>\n                    <\/div>\n        <\/section>\n                <section class=\"elementor-section elementor-top-section elementor-element elementor-element-6a8d88f elementor-section-boxed elementor-section-height-default elementor-section-height-default ct-header-fixed-none ct-row-max-none\" data-id=\"6a8d88f\" data-element_type=\"section\">\n            \n                        <div class=\"elementor-container elementor-column-gap-extended \">\n                    <div class=\"elementor-column elementor-col-100 elementor-top-column elementor-element elementor-element-325916e\" data-id=\"325916e\" data-element_type=\"column\">\n        <div class=\"elementor-widget-wrap elementor-element-populated\">\n                    \n        \t\t<div class=\"elementor-element elementor-element-60e5f30 elementor-widget elementor-widget-ct_accordion\" data-id=\"60e5f30\" data-element_type=\"widget\" data-widget_type=\"ct_accordion.default\">\n\t\t\t\t<div class=\"elementor-widget-container\">\n\t\t\t    <div id=\"ct_accordion-60e5f30\" class=\"ct-accordion layout1 style1 \">\r\n                    <div class=\"ct-accordion-item active\">\r\n                <div class=\"ct-ac-title active\" data-target=\"#98e146cct_accordion-60e5f30\">\r\n                    <a class=\"ct-ac-title-text\">\r\n                        <i aria-hidden=\"true\" class=\"fas fa-question-circle\"><\/i>                                                Wer profitiert von Eurythmie?                        <i class=\"ct-icon-accordion\"><\/i>\r\n                    <\/a>\r\n                <\/div>\r\n                <div id=\"98e146cct_accordion-60e5f30\" class=\"ct-ac-content\" style=\"display:block;\"><p>Eurythmie ist f\u00fcr Menschen aller Altersgruppen geeignet.<\/p><p>Durch Eurythmie k\u00f6nnen wir Stress und Anspannung entgegenwirken. Sie \u00f6ffnet und erweitert unseren Atem und unser Herz, harmonisiert K\u00f6rper, Seele und Geist und verbindet uns mit der Natur, unseren Mitmenschen und unserer Umgebung.<\/p><p>Eurythmie-Kurse sind bereichernd, ernsthaft, humorvoll und lebendig zugleich. Sie erm\u00f6glichen es den Teilnehmenden, sowohl vorgegebene als auch selbst entwickelte Formen zu gestalten. Diese interaktive Gruppenbewegung f\u00f6rdert das Bewusstsein f\u00fcr andere, die Koordination und Konzentration \u2013 meist begleitet von klassischer Musik und Poesie.<\/p><\/div>\r\n            <\/div>\r\n                    <div class=\"ct-accordion-item \">\r\n                <div class=\"ct-ac-title \" data-target=\"#bda654cct_accordion-60e5f30\">\r\n                    <a class=\"ct-ac-title-text\">\r\n                        <i aria-hidden=\"true\" class=\"fas fa-question-circle\"><\/i>                                                Was ist Eurythmie?                        <i class=\"ct-icon-accordion\"><\/i>\r\n                    <\/a>\r\n                <\/div>\r\n                <div id=\"bda654cct_accordion-60e5f30\" class=\"ct-ac-content\"><h4>Eurythmie als sichtbare Sprache<\/h4><p>Eurythmie begleitet Sprache und Musik durch Bewegung. Die Gesten entsprechen den Kl\u00e4ngen der gesprochenen Sprache und werden mit Armen, H\u00e4nden, F\u00fc\u00dfen und dem ganzen K\u00f6rper ausgedr\u00fcckt.<\/p><p>Steiner betonte, dass die eurythmischen Gesten f\u00fcr Vokale und Konsonanten nicht willk\u00fcrlich sind, sondern sich aus der Natur ableiten. Die Bewegungen spiegeln die Form der Stimmb\u00e4nder beim Sprechen wider.<\/p><h4>Eurythmie als sichtbare Musik<\/h4><p>In der Ton-Eurythmie werden musikalische Elemente durch K\u00f6rperbewegungen sichtbar gemacht \u2013 \u00e4hnlich wie Klaviertasten bestimmte T\u00f6ne wiedergeben. Dabei werden Melodie, Rhythmus und Dynamik ausgedr\u00fcckt.<\/p><p>Eurythmie wird weltweit von professionellen Eurythmisten gelehrt und aufgef\u00fchrt, die eine vier- bis f\u00fcnfj\u00e4hrige Vollzeitausbildung absolviert haben.<\/p><p>Eurythmie ist f\u00fcr alle Altersgruppen geeignet \u2013 weitere Informationen dazu finden Sie im Hauptmen\u00fc.<\/p><\/div>\r\n            <\/div>\r\n            <\/div>\r\n    \t\t<\/div>\n\t\t\t\t<\/div>\n\t\t            <\/div>\n        <\/div>\n                    <\/div>\n        <\/section>\n        \t\t\t\t\t<\/div>\n\t\t","protected":false},"excerpt":{"rendered":"<p>Eurythmy \u00dcber Eurythmie Das Wort \u201eEurythmie\u201c stammt aus dem Griechischen und bedeutet \u201esch\u00f6ner oder harmonischer Rhythmus\u201c. In der Antike bezeichnete der Begriff die harmonischen Proportionen eines Bauwerks. Vom 17. bis zum 19. Jahrhundert wurde der Begriff im Englischen auch f\u00fcr \u201erhythmische Ordnung oder Bewegung\u201c und \u201egrazi\u00f6se K\u00f6rperhaltung\u201c verwendet. Im Jahr 1912 entwickelte Dr. Rudolf Steiner [&hellip;]<\/p>\n","protected":false},"author":2,"featured_media":0,"parent":0,"menu_order":0,"comment_status":"closed","ping_status":"closed","template":"","meta":{"footnotes":""},"class_list":["post-30","page","type-page","status-publish","hentry"],"_links":{"self":[{"href":"https:\/\/eurythmiezug.ch\/de\/wp-json\/wp\/v2\/pages\/30","targetHints":{"allow":["GET"]}}],"collection":[{"href":"https:\/\/eurythmiezug.ch\/de\/wp-json\/wp\/v2\/pages"}],"about":[{"href":"https:\/\/eurythmiezug.ch\/de\/wp-json\/wp\/v2\/types\/page"}],"author":[{"embeddable":true,"href":"https:\/\/eurythmiezug.ch\/de\/wp-json\/wp\/v2\/users\/2"}],"replies":[{"embeddable":true,"href":"https:\/\/eurythmiezug.ch\/de\/wp-json\/wp\/v2\/comments?post=30"}],"version-history":[{"count":13,"href":"https:\/\/eurythmiezug.ch\/de\/wp-json\/wp\/v2\/pages\/30\/revisions"}],"predecessor-version":[{"id":5481,"href":"https:\/\/eurythmiezug.ch\/de\/wp-json\/wp\/v2\/pages\/30\/revisions\/5481"}],"wp:attachment":[{"href":"https:\/\/eurythmiezug.ch\/de\/wp-json\/wp\/v2\/media?parent=30"}],"curies":[{"name":"wp","href":"https:\/\/api.w.org\/{rel}","templated":true}]}}